{"id":16613,"date":"2025-11-05T02:16:19","date_gmt":"2025-11-05T07:16:19","guid":{"rendered":"https:\/\/sportspecialists.ca\/consult-with-dave-campbell\/"},"modified":"2026-03-06T19:05:36","modified_gmt":"2026-03-07T00:05:36","slug":"consult-with-dave-campbell","status":"publish","type":"page","link":"https:\/\/sportspecialists.ca\/fr\/consult-with-dave-campbell\/","title":{"rendered":"Consultez Dave Campbell"},"content":{"rendered":"\t\t<div data-elementor-type=\"wp-page\" data-elementor-id=\"16613\" class=\"elementor elementor-16613 elementor-16305\" data-elementor-post-type=\"page\">\n\t\t\t\t\t\t<section class=\"elementor-section elementor-top-section elementor-element elementor-element-24bbae25 elementor-section-height-min-height elementor-section-boxed elementor-section-height-default elementor-section-items-middle\" data-id=\"24bbae25\" data-element_type=\"section\" data-settings=\"{&quot;background_background&quot;:&quot;classic&quot;}\">\n\t\t\t\t\t\t\t<div class=\"elementor-background-overlay\"><\/div>\n\t\t\t\t\t\t\t<div class=\"elementor-container elementor-column-gap-default\">\n\t\t\t\t\t<div class=\"elementor-column elementor-col-100 elementor-top-column elementor-element elementor-element-c75ea68\" data-id=\"c75ea68\" data-element_type=\"column\">\n\t\t\t<div class=\"elementor-widget-wrap elementor-element-populated\">\n\t\t\t\t\t\t<div class=\"elementor-element elementor-element-69582136 elementor-widget elementor-widget-heading\" data-id=\"69582136\" data-element_type=\"widget\" data-widget_type=\"heading.default\">\n\t\t\t\t<div class=\"elementor-widget-container\">\n\t\t\t\t\t<h1 class=\"elementor-heading-title elementor-size-default\">Consultez Dave Campbell<\/h1>\t\t\t\t<\/div>\n\t\t\t\t<\/div>\n\t\t\t\t<div class=\"elementor-element elementor-element-27dbabd0 elementor-widget elementor-widget-text-editor\" data-id=\"27dbabd0\" data-element_type=\"widget\" data-widget_type=\"text-editor.default\">\n\t\t\t\t<div class=\"elementor-widget-container\">\n\t\t\t\t\t\t\t\t\t<p><a href=\"#\">Accueil<\/a> \/ <a href=\"https:\/\/sportspecialists.ca\/fr\/team\/\">\u00c9quipe<\/a> \/ Dave Campbell<\/p>\t\t\t\t\t\t\t\t<\/div>\n\t\t\t\t<\/div>\n\t\t\t\t\t<\/div>\n\t\t<\/div>\n\t\t\t\t\t<\/div>\n\t\t<\/section>\n\t\t\t\t<section class=\"elementor-section elementor-top-section elementor-element elementor-element-8c5f22b elementor-hidden-desktop elementor-hidden-tablet elementor-hidden-mobile elementor-section-boxed elementor-section-height-default elementor-section-height-default\" data-id=\"8c5f22b\" data-element_type=\"section\">\n\t\t\t\t\t\t<div class=\"elementor-container elementor-column-gap-default\">\n\t\t\t\t\t<div class=\"elementor-column elementor-col-100 elementor-top-column elementor-element elementor-element-fde8841\" data-id=\"fde8841\" data-element_type=\"column\">\n\t\t\t<div class=\"elementor-widget-wrap elementor-element-populated\">\n\t\t\t\t\t\t<div class=\"elementor-element elementor-element-d412254 elementor-widget elementor-widget-heading\" data-id=\"d412254\" data-element_type=\"widget\" data-widget_type=\"heading.default\">\n\t\t\t\t<div class=\"elementor-widget-container\">\n\t\t\t\t\t<h3 class=\"elementor-heading-title elementor-size-default\">Th\u00e9rapeutes du sport<\/h3>\t\t\t\t<\/div>\n\t\t\t\t<\/div>\n\t\t\t\t\t<\/div>\n\t\t<\/div>\n\t\t\t\t\t<\/div>\n\t\t<\/section>\n\t\t\t\t<section class=\"elementor-section elementor-top-section elementor-element elementor-element-3380f52 elementor-section-boxed elementor-section-height-default elementor-section-height-default\" data-id=\"3380f52\" data-element_type=\"section\" data-settings=\"{&quot;background_background&quot;:&quot;classic&quot;}\">\n\t\t\t\t\t\t\t<div class=\"elementor-background-overlay\"><\/div>\n\t\t\t\t\t\t\t<div class=\"elementor-container elementor-column-gap-default\">\n\t\t\t\t\t<div class=\"elementor-column elementor-col-50 elementor-top-column elementor-element elementor-element-1e46fbb\" data-id=\"1e46fbb\" data-element_type=\"column\">\n\t\t\t<div class=\"elementor-widget-wrap elementor-element-populated\">\n\t\t\t\t\t\t<div class=\"elementor-element elementor-element-156e15f elementor-widget elementor-widget-heading\" data-id=\"156e15f\" data-element_type=\"widget\" data-widget_type=\"heading.default\">\n\t\t\t\t<div class=\"elementor-widget-container\">\n\t\t\t\t\t<h2 class=\"elementor-heading-title elementor-size-default\">Dave Campbell<\/h2>\t\t\t\t<\/div>\n\t\t\t\t<\/div>\n\t\t\t\t<div class=\"elementor-element elementor-element-271fa85 elementor-widget elementor-widget-heading\" data-id=\"271fa85\" data-element_type=\"widget\" data-widget_type=\"heading.default\">\n\t\t\t\t<div class=\"elementor-widget-container\">\n\t\t\t\t\t<h5 class=\"elementor-heading-title elementor-size-default\">Ost\u00e9opathe<\/h5>\t\t\t\t<\/div>\n\t\t\t\t<\/div>\n\t\t\t\t<div class=\"elementor-element elementor-element-2d87e83 elementor-widget-divider--view-line elementor-widget elementor-widget-divider\" data-id=\"2d87e83\" data-element_type=\"widget\" data-widget_type=\"divider.default\">\n\t\t\t\t<div class=\"elementor-widget-container\">\n\t\t\t\t\t\t\t<div class=\"elementor-divider\">\n\t\t\t<span class=\"elementor-divider-separator\">\n\t\t\t\t\t\t<\/span>\n\t\t<\/div>\n\t\t\t\t\t\t<\/div>\n\t\t\t\t<\/div>\n\t\t\t\t<div class=\"elementor-element elementor-element-9446ff3 elementor-widget elementor-widget-text-editor\" data-id=\"9446ff3\" data-element_type=\"widget\" data-widget_type=\"text-editor.default\">\n\t\t\t\t<div class=\"elementor-widget-container\">\n\t\t\t\t\t\t\t\t\t<div id=\"ultimate-heading-7850644bdbdc9230b\" class=\"uvc-heading ult-adjust-bottom-margin ultimate-heading-7850644bdbdc9230b uvc-2763 \" data-hspacer=\"line_only\" data-halign=\"left\"><div class=\"uvc-main-heading ult-responsive\" data-ultimate-target=\".uvc-heading.ultimate-heading-7850644bdbdc9230b h2\" data-responsive-json-new=\"{\"font-size\":\"desktop:21px;\",\"line-height\":\"\"}\"><span style=\"font-weight: 400;\">Dave Campbell poss\u00e8de plus de vingt ans d\u2019exp\u00e9rience pratique en tant qu\u2019ost\u00e9opathe certifi\u00e9. Reconnu pour sa compr\u00e9hension approfondie de la m\u00e9canique du corps et son approche centr\u00e9e sur le patient, Dave se sp\u00e9cialise dans la r\u00e9\u00e9ducation des blessures, l\u2019optimisation du mouvement et les techniques de th\u00e9rapie manuelle visant \u00e0 traiter la cause profonde de la douleur. Collaborateur pr\u00e9cieux \u00e0 la clinique The Sports Specialists, Dave est disponible sur rendez-vous via notre plateforme de r\u00e9servation.  <\/span><\/div><\/div>\t\t\t\t\t\t\t\t<\/div>\n\t\t\t\t<\/div>\n\t\t\t\t\t<\/div>\n\t\t<\/div>\n\t\t\t\t<div class=\"elementor-column elementor-col-50 elementor-top-column elementor-element elementor-element-f743848\" data-id=\"f743848\" data-element_type=\"column\" data-settings=\"{&quot;background_background&quot;:&quot;classic&quot;}\">\n\t\t\t<div class=\"elementor-widget-wrap\">\n\t\t\t\t\t\t\t<\/div>\n\t\t<\/div>\n\t\t\t\t\t<\/div>\n\t\t<\/section>\n\t\t\t\t<section class=\"elementor-section elementor-top-section elementor-element elementor-element-13db0a86 elementor-section-boxed elementor-section-height-default elementor-section-height-default\" data-id=\"13db0a86\" data-element_type=\"section\">\n\t\t\t\t\t\t<div class=\"elementor-container elementor-column-gap-default\">\n\t\t\t\t\t<div class=\"elementor-column elementor-col-100 elementor-top-column elementor-element elementor-element-4f212690\" data-id=\"4f212690\" data-element_type=\"column\">\n\t\t\t<div class=\"elementor-widget-wrap elementor-element-populated\">\n\t\t\t\t\t\t<div class=\"elementor-element elementor-element-4aa4194f elementor-widget elementor-widget-heading\" data-id=\"4aa4194f\" data-element_type=\"widget\" data-widget_type=\"heading.default\">\n\t\t\t\t<div class=\"elementor-widget-container\">\n\t\t\t\t\t<h2 class=\"elementor-heading-title elementor-size-default\">Pr\u00eat \u00e0 commencer ?<\/h2>\t\t\t\t<\/div>\n\t\t\t\t<\/div>\n\t\t\t\t<div class=\"elementor-element elementor-element-1224150d elementor-widget elementor-widget-text-editor\" data-id=\"1224150d\" data-element_type=\"widget\" data-widget_type=\"text-editor.default\">\n\t\t\t\t<div class=\"elementor-widget-container\">\n\t\t\t\t\t\t\t\t\t<p>N\u2019attendez plus, prenez rendez-vous avec nous d\u00e8s aujourd\u2019hui.<\/p>\t\t\t\t\t\t\t\t<\/div>\n\t\t\t\t<\/div>\n\t\t\t\t\t<\/div>\n\t\t<\/div>\n\t\t\t\t\t<\/div>\n\t\t<\/section>\n\t\t\t\t<section class=\"elementor-section elementor-top-section elementor-element elementor-element-4c54be77 elementor-section-boxed elementor-section-height-default elementor-section-height-default\" data-id=\"4c54be77\" data-element_type=\"section\">\n\t\t\t\t\t\t<div class=\"elementor-container elementor-column-gap-default\">\n\t\t\t\t\t<div class=\"elementor-column elementor-col-100 elementor-top-column elementor-element elementor-element-c533d2\" data-id=\"c533d2\" data-element_type=\"column\">\n\t\t\t<div class=\"elementor-widget-wrap elementor-element-populated\">\n\t\t\t\t\t\t<div class=\"elementor-element elementor-element-158b6266 elementor-align-center elementor-widget elementor-widget-button\" data-id=\"158b6266\" data-element_type=\"widget\" data-widget_type=\"button.default\">\n\t\t\t\t<div class=\"elementor-widget-container\">\n\t\t\t\t\t\t\t\t\t<div class=\"elementor-button-wrapper\">\n\t\t\t\t\t<a class=\"elementor-button elementor-button-link elementor-size-sm\" href=\"http:\/\/www.gorendezvous.com\/sportspecialists\" target=\"_blank\">\n\t\t\t\t\t\t<span class=\"elementor-button-content-wrapper\">\n\t\t\t\t\t\t\t\t\t<span class=\"elementor-button-text\">Prendre rendez-vous<\/span>\n\t\t\t\t\t<\/span>\n\t\t\t\t\t<\/a>\n\t\t\t\t<\/div>\n\t\t\t\t\t\t\t\t<\/div>\n\t\t\t\t<\/div>\n\t\t\t\t\t<\/div>\n\t\t<\/div>\n\t\t\t\t\t<\/div>\n\t\t<\/section>\n\t\t\t\t<\/div>\n\t\t","protected":false},"excerpt":{"rendered":"<p>Consultez Dave Campbell Accueil \/ \u00c9quipe \/ Dave Campbell Th\u00e9rapeutes du sport Dave Campbell Ost\u00e9opathe Dave Campbell poss\u00e8de plus de vingt ans d\u2019exp\u00e9rience pratique en tant qu\u2019ost\u00e9opathe certifi\u00e9. Reconnu pour sa compr\u00e9hension approfondie de la m\u00e9canique du corps et son approche centr\u00e9e sur le patient, Dave se sp\u00e9cialise dans la r\u00e9\u00e9ducation des blessures, l\u2019optimisation du [&hellip;]<\/p>\n","protected":false},"author":2,"featured_media":0,"parent":0,"menu_order":0,"comment_status":"closed","ping_status":"closed","template":"elementor_header_footer","meta":{"footnotes":""},"class_list":["post-16613","page","type-page","status-publish","hentry"],"yoast_head":"<!-- This site is optimized with the Yoast SEO plugin v26.2 - https:\/\/yoast.com\/wordpress\/plugins\/seo\/ -->\n<title>Consultez Dave Campbell - Sport Specialists<\/title>\n<meta name=\"robots\" content=\"index, follow, max-snippet:-1, max-image-preview:large, max-video-preview:-1\" \/>\n<link rel=\"canonical\" href=\"https:\/\/sportspecialists.ca\/fr\/consult-with-dave-campbell\/\" \/>\n<meta property=\"og:locale\" content=\"fr_FR\" \/>\n<meta property=\"og:type\" content=\"article\" \/>\n<meta property=\"og:title\" content=\"Consultez Dave Campbell - Sport Specialists\" \/>\n<meta property=\"og:description\" content=\"Consultez Dave Campbell Accueil \/ \u00c9quipe \/ Dave Campbell Th\u00e9rapeutes du sport Dave Campbell Ost\u00e9opathe Dave Campbell poss\u00e8de plus de vingt ans d\u2019exp\u00e9rience pratique en tant qu\u2019ost\u00e9opathe certifi\u00e9. Reconnu pour sa compr\u00e9hension approfondie de la m\u00e9canique du corps et son approche centr\u00e9e sur le patient, Dave se sp\u00e9cialise dans la r\u00e9\u00e9ducation des blessures, l\u2019optimisation du [&hellip;]\" \/>\n<meta property=\"og:url\" content=\"https:\/\/sportspecialists.ca\/fr\/consult-with-dave-campbell\/\" \/>\n<meta property=\"og:site_name\" content=\"Sport Specialists\" \/>\n<meta property=\"article:modified_time\" content=\"2026-03-07T00:05:36+00:00\" \/>\n<meta name=\"twitter:card\" content=\"summary_large_image\" \/>\n<meta name=\"twitter:label1\" content=\"Dur\u00e9e de lecture estim\u00e9e\" \/>\n\t<meta name=\"twitter:data1\" content=\"1 minute\" \/>\n<script type=\"application\/ld+json\" class=\"yoast-schema-graph\">{\"@context\":\"https:\/\/schema.org\",\"@graph\":[{\"@type\":\"WebPage\",\"@id\":\"https:\/\/sportspecialists.ca\/fr\/consult-with-dave-campbell\/\",\"url\":\"https:\/\/sportspecialists.ca\/fr\/consult-with-dave-campbell\/\",\"name\":\"Consultez Dave Campbell - Sport Specialists\",\"isPartOf\":{\"@id\":\"https:\/\/sportspecialists.ca\/#website\"},\"datePublished\":\"2025-11-05T07:16:19+00:00\",\"dateModified\":\"2026-03-07T00:05:36+00:00\",\"breadcrumb\":{\"@id\":\"https:\/\/sportspecialists.ca\/fr\/consult-with-dave-campbell\/#breadcrumb\"},\"inLanguage\":\"fr-FR\",\"potentialAction\":[{\"@type\":\"ReadAction\",\"target\":[\"https:\/\/sportspecialists.ca\/fr\/consult-with-dave-campbell\/\"]}]},{\"@type\":\"BreadcrumbList\",\"@id\":\"https:\/\/sportspecialists.ca\/fr\/consult-with-dave-campbell\/#breadcrumb\",\"itemListElement\":[{\"@type\":\"ListItem\",\"position\":1,\"name\":\"Home\",\"item\":\"https:\/\/sportspecialists.ca\/fr\/accueil\/\"},{\"@type\":\"ListItem\",\"position\":2,\"name\":\"Consultez Dave Campbell\"}]},{\"@type\":\"WebSite\",\"@id\":\"https:\/\/sportspecialists.ca\/#website\",\"url\":\"https:\/\/sportspecialists.ca\/\",\"name\":\"Sport Specialists\",\"description\":\"We&#039;re open for therapy\",\"potentialAction\":[{\"@type\":\"SearchAction\",\"target\":{\"@type\":\"EntryPoint\",\"urlTemplate\":\"https:\/\/sportspecialists.ca\/?s={search_term_string}\"},\"query-input\":{\"@type\":\"PropertyValueSpecification\",\"valueRequired\":true,\"valueName\":\"search_term_string\"}}],\"inLanguage\":\"fr-FR\"}]}<\/script>\n<!-- \/ Yoast SEO plugin. -->","yoast_head_json":{"title":"Consultez Dave Campbell - Sport Specialists","robots":{"index":"index","follow":"follow","max-snippet":"max-snippet:-1","max-image-preview":"max-image-preview:large","max-video-preview":"max-video-preview:-1"},"canonical":"https:\/\/sportspecialists.ca\/fr\/consult-with-dave-campbell\/","og_locale":"fr_FR","og_type":"article","og_title":"Consultez Dave Campbell - Sport Specialists","og_description":"Consultez Dave Campbell Accueil \/ \u00c9quipe \/ Dave Campbell Th\u00e9rapeutes du sport Dave Campbell Ost\u00e9opathe Dave Campbell poss\u00e8de plus de vingt ans d\u2019exp\u00e9rience pratique en tant qu\u2019ost\u00e9opathe certifi\u00e9. Reconnu pour sa compr\u00e9hension approfondie de la m\u00e9canique du corps et son approche centr\u00e9e sur le patient, Dave se sp\u00e9cialise dans la r\u00e9\u00e9ducation des blessures, l\u2019optimisation du [&hellip;]","og_url":"https:\/\/sportspecialists.ca\/fr\/consult-with-dave-campbell\/","og_site_name":"Sport Specialists","article_modified_time":"2026-03-07T00:05:36+00:00","twitter_card":"summary_large_image","twitter_misc":{"Dur\u00e9e de lecture estim\u00e9e":"1 minute"},"schema":{"@context":"https:\/\/schema.org","@graph":[{"@type":"WebPage","@id":"https:\/\/sportspecialists.ca\/fr\/consult-with-dave-campbell\/","url":"https:\/\/sportspecialists.ca\/fr\/consult-with-dave-campbell\/","name":"Consultez Dave Campbell - Sport Specialists","isPartOf":{"@id":"https:\/\/sportspecialists.ca\/#website"},"datePublished":"2025-11-05T07:16:19+00:00","dateModified":"2026-03-07T00:05:36+00:00","breadcrumb":{"@id":"https:\/\/sportspecialists.ca\/fr\/consult-with-dave-campbell\/#breadcrumb"},"inLanguage":"fr-FR","potentialAction":[{"@type":"ReadAction","target":["https:\/\/sportspecialists.ca\/fr\/consult-with-dave-campbell\/"]}]},{"@type":"BreadcrumbList","@id":"https:\/\/sportspecialists.ca\/fr\/consult-with-dave-campbell\/#breadcrumb","itemListElement":[{"@type":"ListItem","position":1,"name":"Home","item":"https:\/\/sportspecialists.ca\/fr\/accueil\/"},{"@type":"ListItem","position":2,"name":"Consultez Dave Campbell"}]},{"@type":"WebSite","@id":"https:\/\/sportspecialists.ca\/#website","url":"https:\/\/sportspecialists.ca\/","name":"Sport Specialists","description":"We&#039;re open for therapy","potentialAction":[{"@type":"SearchAction","target":{"@type":"EntryPoint","urlTemplate":"https:\/\/sportspecialists.ca\/?s={search_term_string}"},"query-input":{"@type":"PropertyValueSpecification","valueRequired":true,"valueName":"search_term_string"}}],"inLanguage":"fr-FR"}]}},"_links":{"self":[{"href":"https:\/\/sportspecialists.ca\/fr\/wp-json\/wp\/v2\/pages\/16613","targetHints":{"allow":["GET"]}}],"collection":[{"href":"https:\/\/sportspecialists.ca\/fr\/wp-json\/wp\/v2\/pages"}],"about":[{"href":"https:\/\/sportspecialists.ca\/fr\/wp-json\/wp\/v2\/types\/page"}],"author":[{"embeddable":true,"href":"https:\/\/sportspecialists.ca\/fr\/wp-json\/wp\/v2\/users\/2"}],"replies":[{"embeddable":true,"href":"https:\/\/sportspecialists.ca\/fr\/wp-json\/wp\/v2\/comments?post=16613"}],"version-history":[{"count":1,"href":"https:\/\/sportspecialists.ca\/fr\/wp-json\/wp\/v2\/pages\/16613\/revisions"}],"predecessor-version":[{"id":16614,"href":"https:\/\/sportspecialists.ca\/fr\/wp-json\/wp\/v2\/pages\/16613\/revisions\/16614"}],"wp:attachment":[{"href":"https:\/\/sportspecialists.ca\/fr\/wp-json\/wp\/v2\/media?parent=16613"}],"curies":[{"name":"wp","href":"https:\/\/api.w.org\/{rel}","templated":true}]}}